{"id":4602,"date":"2025-05-23T15:48:38","date_gmt":"2025-05-23T13:48:38","guid":{"rendered":"https:\/\/colcret.com\/contact\/"},"modified":"2025-09-23T13:33:36","modified_gmt":"2025-09-23T11:33:36","slug":"contact","status":"publish","type":"page","link":"https:\/\/colcret.com\/fr\/contact\/","title":{"rendered":"Contact"},"content":{"rendered":"\t\t<div data-elementor-type=\"wp-page\" data-elementor-id=\"4602\" class=\"elementor elementor-4602 elementor-58\" data-elementor-post-type=\"page\">\n\t\t\t\t<div data-dce-background-color=\"#FFFFFF\" class=\"elementor-element elementor-element-242de73 e-con-full e-flex e-con e-parent\" data-id=\"242de73\" data-element_type=\"container\" data-e-type=\"container\" data-settings=\"{&quot;background_background&quot;:&quot;classic&quot;}\">\n\t\t<div class=\"elementor-element elementor-element-4e9c235 e-flex e-con-boxed e-con e-child\" data-id=\"4e9c235\" data-element_type=\"container\" data-e-type=\"container\" data-settings=\"{&quot;background_background&quot;:&quot;classic&quot;}\">\n\t\t\t\t\t<div class=\"e-con-inner\">\n\t\t<div data-dce-background-color=\"#000000\" data-dce-background-overlay-color=\"#000000\" data-dce-background-overlay-image-url=\"https:\/\/colcret.com\/wp-content\/uploads\/2025\/09\/fondo_contacto.avif\" class=\"elementor-element elementor-element-74f6ac3 e-con-full e-flex e-con e-child\" data-id=\"74f6ac3\" data-element_type=\"container\" data-e-type=\"container\" data-settings=\"{&quot;background_background&quot;:&quot;classic&quot;}\">\n\t\t<!-- dce invisible element 8094a77 --><div class=\"elementor-element elementor-element-37405b8 e-con-full elementor-hidden-mobile e-flex e-con e-child\" data-id=\"37405b8\" data-element_type=\"container\" data-e-type=\"container\">\n\t\t\t\t<div data-dce-title-color=\"#FFFFFF\" class=\"dce-visibility-event elementor-element elementor-element-f5ea368 elementor-widget elementor-widget-heading\" data-id=\"f5ea368\" data-element_type=\"widget\" data-e-type=\"widget\" data-settings=\"{&quot;enabled_visibility&quot;:&quot;yes&quot;,&quot;dce_visibility_selected&quot;:&quot;hide&quot;}\" data-widget_type=\"heading.default\">\n\t\t\t\t\t<h1 class=\"elementor-heading-title elementor-size-default\">contactez-nous<br> <\/h1>\t\t\t\t<\/div>\n\t\t<div class=\"elementor-element elementor-element-70402b6 e-con-full e-flex e-con e-child\" data-id=\"70402b6\" data-element_type=\"container\" data-e-type=\"container\">\n\t\t<div class=\"elementor-element elementor-element-fa89a6f e-con-full e-flex e-con e-child\" data-id=\"fa89a6f\" data-element_type=\"container\" data-e-type=\"container\">\n\t\t\t\t<div data-dce-title-color=\"#FFFFFF\" class=\"elementor-element elementor-element-d3d192b elementor-widget elementor-widget-heading\" data-id=\"d3d192b\" data-element_type=\"widget\" data-e-type=\"widget\" data-widget_type=\"heading.default\">\n\t\t\t\t\t<h5 class=\"elementor-heading-title elementor-size-default\">Suivez-nous sur<\/h5>\t\t\t\t<\/div>\n\t\t\t\t<div class=\"elementor-element elementor-element-28c1840 elementor-shape-circle rrss elementor-grid-0 e-grid-align-center elementor-widget elementor-widget-social-icons\" data-id=\"28c1840\" data-element_type=\"widget\" data-e-type=\"widget\" data-widget_type=\"social-icons.default\">\n\t\t\t\t\t\t\t<div class=\"elementor-social-icons-wrapper elementor-grid\">\n\t\t\t\t\t\t\t<span class=\"elementor-grid-item\">\n\t\t\t\t\t<a class=\"elementor-icon elementor-social-icon elementor-social-icon-linkedin elementor-repeater-item-0da6bf3\" target=\"_blank\">\n\t\t\t\t\t\t<span class=\"elementor-screen-only\">Linkedin<\/span>\n\t\t\t\t\t\t<svg aria-hidden=\"true\" class=\"e-font-icon-svg e-fab-linkedin\" viewBox=\"0 0 448 512\" xmlns=\"http:\/\/www.w3.org\/2000\/svg\"><path d=\"M416 32H31.9C14.3 32 0 46.5 0 64.3v383.4C0 465.5 14.3 480 31.9 480H416c17.6 0 32-14.5 32-32.3V64.3c0-17.8-14.4-32.3-32-32.3zM135.4 416H69V202.2h66.5V416zm-33.2-243c-21.3 0-38.5-17.3-38.5-38.5S80.9 96 102.2 96c21.2 0 38.5 17.3 38.5 38.5 0 21.3-17.2 38.5-38.5 38.5zm282.1 243h-66.4V312c0-24.8-.5-56.7-34.5-56.7-34.6 0-39.9 27-39.9 54.9V416h-66.4V202.2h63.7v29.2h.9c8.9-16.8 30.6-34.5 62.9-34.5 67.2 0 79.7 44.3 79.7 101.9V416z\"><\/path><\/svg>\t\t\t\t\t<\/a>\n\t\t\t\t<\/span>\n\t\t\t\t\t<\/div>\n\t\t\t\t\t\t<\/div>\n\t\t\t\t<\/div>\n\t\t<div class=\"elementor-element elementor-element-104269d e-grid e-con-full e-con e-child\" data-id=\"104269d\" data-element_type=\"container\" data-e-type=\"container\">\n\t\t\t\t<div data-dce-title-color=\"#FFFFFF\" class=\"elementor-element elementor-element-7b34fe8 elementor-widget elementor-widget-icon-box\" data-id=\"7b34fe8\" data-element_type=\"widget\" data-e-type=\"widget\" data-widget_type=\"icon-box.default\">\n\t\t\t\t\t\t\t<div class=\"elementor-icon-box-wrapper\">\n\n\t\t\t\n\t\t\t\t\t\t<div class=\"elementor-icon-box-content\">\n\n\t\t\t\t\t\t\t\t\t<h3 class=\"elementor-icon-box-title\">\n\t\t\t\t\t\t<a href=\"https:\/\/www.google.com\/maps\/place\/Pavicret+Valencia\/@39.4408083,-0.4870023,16z\/data=!3m1!4b1!4m6!3m5!1s0xd6051aa533225bb:0x48c5c763679e659a!8m2!3d39.4408042!4d-0.4844274!16s%2Fg%2F11f2rzq1ss?entry=ttu&#038;g_ep=EgoyMDI1MDgyNS4wIKXMDSoASAFQAw%3D%3D\" >\n\t\t\t\t\t\t\tAdresse :\t\t\t\t\t\t<\/a>\n\t\t\t\t\t<\/h3>\n\t\t\t\t\n\t\t\t\t\t\t\t\t\t<p class=\"elementor-icon-box-description\">\n\t\t\t\t\t\tC\/ Centenario, 26 <br>46900 Torrent <br>Valencia Espagne\t\t\t\t\t<\/p>\n\t\t\t\t\n\t\t\t<\/div>\n\t\t\t\n\t\t<\/div>\n\t\t\t\t\t\t<\/div>\n\t\t\t\t<div data-dce-title-color=\"#FFFFFF\" class=\"elementor-element elementor-element-8ab90dc elementor-widget elementor-widget-icon-box\" data-id=\"8ab90dc\" data-element_type=\"widget\" data-e-type=\"widget\" data-widget_type=\"icon-box.default\">\n\t\t\t\t\t\t\t<div class=\"elementor-icon-box-wrapper\">\n\n\t\t\t\n\t\t\t\t\t\t<div class=\"elementor-icon-box-content\">\n\n\t\t\t\t\t\t\t\t\t<h3 class=\"elementor-icon-box-title\">\n\t\t\t\t\t\t<span  >\n\t\t\t\t\t\t\tCalendrier :\t\t\t\t\t\t<\/span>\n\t\t\t\t\t<\/h3>\n\t\t\t\t\n\t\t\t\t\t\t\t\t\t<p class=\"elementor-icon-box-description\">\n\t\t\t\t\t\tDu lundi au vendredi :<br>07:00 \u00e0 13:30<br>15:30 \u00e0 18:30\t\t\t\t\t<\/p>\n\t\t\t\t\n\t\t\t<\/div>\n\t\t\t\n\t\t<\/div>\n\t\t\t\t\t\t<\/div>\n\t\t\t\t<div data-dce-title-color=\"#FFFFFF\" class=\"elementor-element elementor-element-fecf621 elementor-widget elementor-widget-icon-box\" data-id=\"fecf621\" data-element_type=\"widget\" data-e-type=\"widget\" data-widget_type=\"icon-box.default\">\n\t\t\t\t\t\t\t<div class=\"elementor-icon-box-wrapper\">\n\n\t\t\t\n\t\t\t\t\t\t<div class=\"elementor-icon-box-content\">\n\n\t\t\t\t\t\t\t\t\t<h3 class=\"elementor-icon-box-title\">\n\t\t\t\t\t\t<a href=\"mailto:info@colcret.com\" >\n\t\t\t\t\t\t\tCourriel :\t\t\t\t\t\t<\/a>\n\t\t\t\t\t<\/h3>\n\t\t\t\t\n\t\t\t\t\t\t\t\t\t<p class=\"elementor-icon-box-description\">\n\t\t\t\t\t\tinfo@colcret.com\t\t\t\t\t<\/p>\n\t\t\t\t\n\t\t\t<\/div>\n\t\t\t\n\t\t<\/div>\n\t\t\t\t\t\t<\/div>\n\t\t\t\t<div data-dce-title-color=\"#FFFFFF\" class=\"elementor-element elementor-element-cdc3c97 elementor-widget elementor-widget-icon-box\" data-id=\"cdc3c97\" data-element_type=\"widget\" data-e-type=\"widget\" data-widget_type=\"icon-box.default\">\n\t\t\t\t\t\t\t<div class=\"elementor-icon-box-wrapper\">\n\n\t\t\t\n\t\t\t\t\t\t<div class=\"elementor-icon-box-content\">\n\n\t\t\t\t\t\t\t\t\t<h3 class=\"elementor-icon-box-title\">\n\t\t\t\t\t\t<a href=\"\" >\n\t\t\t\t\t\t\tT\u00e9l\u00e9phone :\t\t\t\t\t\t<\/a>\n\t\t\t\t\t<\/h3>\n\t\t\t\t\n\t\t\t\t\t\t\t\t\t<p class=\"elementor-icon-box-description\">\n\t\t\t\t\t\t(+34) 960 099 912\t\t\t\t\t<\/p>\n\t\t\t\t\n\t\t\t<\/div>\n\t\t\t\n\t\t<\/div>\n\t\t\t\t\t\t<\/div>\n\t\t\t\t<\/div>\n\t\t\t\t<\/div>\n\t\t\t\t<\/div>\n\t\t<div data-dce-background-color=\"#FFFFFF\" class=\"elementor-element elementor-element-5accc8d e-con-full e-flex e-con e-child\" data-id=\"5accc8d\" data-element_type=\"container\" data-e-type=\"container\" data-settings=\"{&quot;background_background&quot;:&quot;classic&quot;}\">\n\t\t\t\t<div class=\"elementor-element elementor-element-6da2f9f enlace-negro elementor-button-align-center elementor-widget elementor-widget-form\" data-id=\"6da2f9f\" data-element_type=\"widget\" data-e-type=\"widget\" id=\"form_pag_contacto\" data-settings=\"{&quot;step_next_label&quot;:&quot;Suivant&quot;,&quot;step_previous_label&quot;:&quot;Pr\\u00e9c\\u00e9dent&quot;,&quot;button_width&quot;:&quot;100&quot;,&quot;step_type&quot;:&quot;number_text&quot;,&quot;step_icon_shape&quot;:&quot;circle&quot;}\" data-widget_type=\"form.default\">\n\t\t\t\t\t\t\t<form class=\"elementor-form\" method=\"post\" id=\"form_contacto\" name=\"Formulaire de contact\" aria-label=\"Formulaire de contact\">\n\t\t\t<input type=\"hidden\" name=\"post_id\" value=\"4602\"\/>\n\t\t\t<input type=\"hidden\" name=\"form_id\" value=\"6da2f9f\"\/>\n\t\t\t<input type=\"hidden\" name=\"referer_title\" value=\"Colcret\" \/>\n\n\t\t\t\n\t\t\t<div class=\"elementor-form-fields-wrapper elementor-labels-above\">\n\t\t\t\t\t\t\t\t<div class=\"elementor-field-type-text elementor-field-group elementor-column elementor-field-group-Nombre_contacto elementor-col-100 elementor-field-required\">\n\t\t\t\t\t\t\t\t\t\t\t\t\t<input size=\"1\" type=\"text\" name=\"form_fields[Nombre_contacto]\" id=\"form-field-Nombre_contacto\" class=\"elementor-field elementor-size-sm  elementor-field-textual\" placeholder=\"Nom\" required=\"required\">\n\t\t\t\t\t\t\t\t\t\t\t<\/div>\n\t\t\t\t\t\t\t\t<div class=\"elementor-field-type-email elementor-field-group elementor-column elementor-field-group-email_contacto elementor-col-100 elementor-field-required\">\n\t\t\t\t\t\t\t\t\t\t\t\t\t<input size=\"1\" type=\"email\" name=\"form_fields[email_contacto]\" id=\"form-field-email_contacto\" class=\"elementor-field elementor-size-sm  elementor-field-textual\" placeholder=\"Courriel\" required=\"required\">\n\t\t\t\t\t\t\t\t\t\t\t<\/div>\n\t\t\t\t\t\t\t\t<div class=\"elementor-field-type-textarea elementor-field-group elementor-column elementor-field-group-mensaje_contacto elementor-col-100 elementor-field-required\">\n\t\t\t\t\t<textarea class=\"elementor-field-textual elementor-field  elementor-size-sm\" name=\"form_fields[mensaje_contacto]\" id=\"form-field-mensaje_contacto\" rows=\"8\" placeholder=\"Message\" required=\"required\"><\/textarea>\t\t\t\t<\/div>\n\t\t\t\t\t\t\t\t<div class=\"elementor-field-type-recaptcha_v3 elementor-field-group elementor-column elementor-field-group-field_cff9df5 elementor-col-100 recaptcha_v3-inline\">\n\t\t\t\t\t<div class=\"elementor-field\" id=\"form-field-field_cff9df5\"><div class=\"elementor-g-recaptcha\" data-sitekey=\"6LcUMVMrAAAAADYaba2qwWN1fXvm8OdHF3kWgJZ1\" data-type=\"v3\" data-action=\"Form\" data-badge=\"inline\" data-size=\"invisible\"><\/div><\/div>\t\t\t\t<\/div>\n\t\t\t\t\t\t\t\t<div class=\"elementor-field-type-acceptance elementor-field-group elementor-column elementor-field-group-news_contacto elementor-col-100\">\n\t\t\t\t\t\t\t<div class=\"elementor-field-subgroup\">\n\t\t\t<span class=\"elementor-field-option\">\n\t\t\t\t<input type=\"checkbox\" name=\"form_fields[news_contacto]\" id=\"form-field-news_contacto\" class=\"elementor-field elementor-size-sm  elementor-acceptance-field\">\n\t\t\t\t<label for=\"form-field-news_contacto\">J'accepte de recevoir des communications commerciales.<\/label>\t\t\t<\/span>\n\t\t<\/div>\n\t\t\t\t\t\t<\/div>\n\t\t\t\t\t\t\t\t<div class=\"elementor-field-type-acceptance elementor-field-group elementor-column elementor-field-group-LOPD_contacto elementor-col-100 elementor-field-required\">\n\t\t\t\t\t\t\t<div class=\"elementor-field-subgroup\">\n\t\t\t<span class=\"elementor-field-option\">\n\t\t\t\t<input type=\"checkbox\" name=\"form_fields[LOPD_contacto]\" id=\"form-field-LOPD_contacto\" class=\"elementor-field elementor-size-sm  elementor-acceptance-field\" required=\"required\">\n\t\t\t\t<label for=\"form-field-LOPD_contacto\">J'accepte d'\u00eatre contact\u00e9(e) en r\u00e9ponse \u00e0 ma demande. Politique de confidentialit\u00e9. Vous pouvez faire valoir vos droits \u00e0 l'adresse info@colcret.com.  <\/label>\t\t\t<\/span>\n\t\t<\/div>\n\t\t\t\t\t\t<\/div>\n\t\t\t\t\t\t\t\t<div class=\"elementor-field-group elementor-column elementor-field-type-submit elementor-col-100 e-form__buttons\">\n\t\t\t\t\t<button class=\"elementor-button elementor-size-sm elementor-animation-shrink\" type=\"submit\" id=\"form_contacto\">\n\t\t\t\t\t\t<span class=\"elementor-button-content-wrapper\">\n\t\t\t\t\t\t\t\t\t\t\t\t\t\t\t\t\t\t\t\t\t\t<span class=\"elementor-button-text\">Envoyer<\/span>\n\t\t\t\t\t\t\t\t\t\t\t\t\t<\/span>\n\t\t\t\t\t<\/button>\n\t\t\t\t<\/div>\n\t\t\t<\/div>\n\t\t<\/form>\n\t\t\t\t\t\t<\/div>\n\t\t\t\t<\/div>\n\t\t\t\t<\/div>\n\t\t\t\t\t<\/div>\n\t\t\t\t<\/div>\n\t\t\t\t<\/div>\n\t\t<div data-dce-background-color=\"#FFFFFF\" class=\"elementor-element elementor-element-1f8c2f9 ancla e-flex e-con-boxed e-con e-parent\" data-id=\"1f8c2f9\" data-element_type=\"container\" data-e-type=\"container\" id=\"delegaciones\" data-settings=\"{&quot;background_background&quot;:&quot;classic&quot;}\">\n\t\t\t\t\t<div class=\"e-con-inner\">\n\t\t\t\t<div data-dce-title-color=\"#000000\" class=\"elementor-element elementor-element-eac611e elementor-widget elementor-widget-heading\" data-id=\"eac611e\" data-element_type=\"widget\" data-e-type=\"widget\" data-widget_type=\"heading.default\">\n\t\t\t\t\t<h2 class=\"elementor-heading-title elementor-size-default\">D\u00e9l\u00e9gations<\/h2>\t\t\t\t<\/div>\n\t\t\t\t<div data-dce-text-color=\"#000000\" class=\"elementor-element elementor-element-0f2923f elementor-widget elementor-widget-text-editor\" data-id=\"0f2923f\" data-element_type=\"widget\" data-e-type=\"widget\" data-widget_type=\"text-editor.default\">\n\t\t\t\t\t\t\t\t\t<p>Trouvez l&rsquo;agence la plus proche de chez vous et cliquez sur le marqueur pour obtenir les coordonn\u00e9es.<\/p>\t\t\t\t\t\t\t\t<\/div>\n\t\t\t\t<div class=\"elementor-element elementor-element-aec5d09 elementor-widget elementor-widget-html\" data-id=\"aec5d09\" data-element_type=\"widget\" data-e-type=\"widget\" data-widget_type=\"html.default\">\n\t\t\t\t\t<iframe src=\"https:\/\/www.google.com\/maps\/d\/embed?mid=1JOkwJTpUVQx0JQ5lyzWucE8cgjAU8sw&amp;ehbc=2E312F\" width=\"1280\" height=\"600\"><\/iframe>\t\t\t\t<\/div>\n\t\t\t\t\t<\/div>\n\t\t\t\t<\/div>\n\t\t\t\t<\/div>\n\t\t","protected":false},"excerpt":{"rendered":"<p>contactez-nous contactez-nous Suivez-nous sur Linkedin Adresse : C\/ Centenario, 26 46900 Torrent Valencia Espagne Calendrier : Du lundi au vendredi :07:00 \u00e0 13:3015:30 \u00e0 18:30 Courriel : info@colcret.com T\u00e9l\u00e9phone : (+34) 960 099 912 D\u00e9l\u00e9gations Trouvez l&rsquo;agence la plus proche de chez vous et cliquez sur le marqueur pour obtenir les coordonn\u00e9es.<\/p>\n","protected":false},"author":1,"featured_media":0,"parent":0,"menu_order":0,"comment_status":"closed","ping_status":"closed","template":"","meta":{"footnotes":""},"class_list":["post-4602","page","type-page","status-publish","hentry"],"yoast_head":"<!-- This site is optimized with the Yoast SEO plugin v27.4 - https:\/\/yoast.com\/product\/yoast-seo-wordpress\/ -->\n<title>Page de contact : Colcret<\/title>\n<meta name=\"description\" content=\"Vous avez un projet en cours ou vous avez besoin d&#039;un conseil technique ? Contactez Colcret pour un suivi personnalis\u00e9.\" \/>\n<meta name=\"robots\" content=\"index, follow, max-snippet:-1, max-image-preview:large, max-video-preview:-1\" \/>\n<link rel=\"canonical\" href=\"https:\/\/colcret.com\/fr\/contact\/\" \/>\n<meta property=\"og:locale\" content=\"fr_FR\" \/>\n<meta property=\"og:type\" content=\"article\" \/>\n<meta property=\"og:title\" content=\"Page de contact : Colcret\" \/>\n<meta property=\"og:description\" content=\"Vous avez un projet en cours ou vous avez besoin d&#039;un conseil technique ? Contactez Colcret pour un suivi personnalis\u00e9.\" \/>\n<meta property=\"og:url\" content=\"https:\/\/colcret.com\/fr\/contact\/\" \/>\n<meta property=\"og:site_name\" content=\"Colcret\" \/>\n<meta property=\"article:modified_time\" content=\"2025-09-23T11:33:36+00:00\" \/>\n<meta name=\"twitter:card\" content=\"summary_large_image\" \/>\n<meta name=\"twitter:label1\" content=\"Dur\u00e9e de lecture estim\u00e9e\" \/>\n\t<meta name=\"twitter:data1\" content=\"1 minute\" \/>\n<script type=\"application\/ld+json\" class=\"yoast-schema-graph\">{\"@context\":\"https:\\\/\\\/schema.org\",\"@graph\":[{\"@type\":\"WebPage\",\"@id\":\"https:\\\/\\\/colcret.com\\\/fr\\\/contact\\\/\",\"url\":\"https:\\\/\\\/colcret.com\\\/fr\\\/contact\\\/\",\"name\":\"Page de contact : Colcret\",\"isPartOf\":{\"@id\":\"https:\\\/\\\/colcret.com\\\/fr\\\/#website\"},\"datePublished\":\"2025-05-23T13:48:38+00:00\",\"dateModified\":\"2025-09-23T11:33:36+00:00\",\"description\":\"Vous avez un projet en cours ou vous avez besoin d'un conseil technique ? Contactez Colcret pour un suivi personnalis\u00e9.\",\"breadcrumb\":{\"@id\":\"https:\\\/\\\/colcret.com\\\/fr\\\/contact\\\/#breadcrumb\"},\"inLanguage\":\"fr-FR\",\"potentialAction\":[{\"@type\":\"ReadAction\",\"target\":[\"https:\\\/\\\/colcret.com\\\/fr\\\/contact\\\/\"]}]},{\"@type\":\"BreadcrumbList\",\"@id\":\"https:\\\/\\\/colcret.com\\\/fr\\\/contact\\\/#breadcrumb\",\"itemListElement\":[{\"@type\":\"ListItem\",\"position\":1,\"name\":\"Inicio\",\"item\":\"https:\\\/\\\/colcret.com\\\/fr\\\/\"},{\"@type\":\"ListItem\",\"position\":2,\"name\":\"Contact\"}]},{\"@type\":\"WebSite\",\"@id\":\"https:\\\/\\\/colcret.com\\\/fr\\\/#website\",\"url\":\"https:\\\/\\\/colcret.com\\\/fr\\\/\",\"name\":\"Colcret\",\"description\":\"Morteros y adhesivos cementosos\",\"publisher\":{\"@id\":\"https:\\\/\\\/colcret.com\\\/fr\\\/#organization\"},\"potentialAction\":[{\"@type\":\"SearchAction\",\"target\":{\"@type\":\"EntryPoint\",\"urlTemplate\":\"https:\\\/\\\/colcret.com\\\/fr\\\/?s={search_term_string}\"},\"query-input\":{\"@type\":\"PropertyValueSpecification\",\"valueRequired\":true,\"valueName\":\"search_term_string\"}}],\"inLanguage\":\"fr-FR\"},{\"@type\":\"Organization\",\"@id\":\"https:\\\/\\\/colcret.com\\\/fr\\\/#organization\",\"name\":\"Colcret\",\"url\":\"https:\\\/\\\/colcret.com\\\/fr\\\/\",\"logo\":{\"@type\":\"ImageObject\",\"inLanguage\":\"fr-FR\",\"@id\":\"https:\\\/\\\/colcret.com\\\/fr\\\/#\\\/schema\\\/logo\\\/image\\\/\",\"url\":\"https:\\\/\\\/colcret.com\\\/wp-content\\\/uploads\\\/2025\\\/05\\\/Logo-Colcret.avif\",\"contentUrl\":\"https:\\\/\\\/colcret.com\\\/wp-content\\\/uploads\\\/2025\\\/05\\\/Logo-Colcret.avif\",\"width\":161,\"height\":64,\"caption\":\"Colcret\"},\"image\":{\"@id\":\"https:\\\/\\\/colcret.com\\\/fr\\\/#\\\/schema\\\/logo\\\/image\\\/\"}}]}<\/script>\n<!-- \/ Yoast SEO plugin. -->","yoast_head_json":{"title":"Page de contact : Colcret","description":"Vous avez un projet en cours ou vous avez besoin d'un conseil technique ? Contactez Colcret pour un suivi personnalis\u00e9.","robots":{"index":"index","follow":"follow","max-snippet":"max-snippet:-1","max-image-preview":"max-image-preview:large","max-video-preview":"max-video-preview:-1"},"canonical":"https:\/\/colcret.com\/fr\/contact\/","og_locale":"fr_FR","og_type":"article","og_title":"Page de contact : Colcret","og_description":"Vous avez un projet en cours ou vous avez besoin d'un conseil technique ? Contactez Colcret pour un suivi personnalis\u00e9.","og_url":"https:\/\/colcret.com\/fr\/contact\/","og_site_name":"Colcret","article_modified_time":"2025-09-23T11:33:36+00:00","twitter_card":"summary_large_image","twitter_misc":{"Dur\u00e9e de lecture estim\u00e9e":"1 minute"},"schema":{"@context":"https:\/\/schema.org","@graph":[{"@type":"WebPage","@id":"https:\/\/colcret.com\/fr\/contact\/","url":"https:\/\/colcret.com\/fr\/contact\/","name":"Page de contact : Colcret","isPartOf":{"@id":"https:\/\/colcret.com\/fr\/#website"},"datePublished":"2025-05-23T13:48:38+00:00","dateModified":"2025-09-23T11:33:36+00:00","description":"Vous avez un projet en cours ou vous avez besoin d'un conseil technique ? Contactez Colcret pour un suivi personnalis\u00e9.","breadcrumb":{"@id":"https:\/\/colcret.com\/fr\/contact\/#breadcrumb"},"inLanguage":"fr-FR","potentialAction":[{"@type":"ReadAction","target":["https:\/\/colcret.com\/fr\/contact\/"]}]},{"@type":"BreadcrumbList","@id":"https:\/\/colcret.com\/fr\/contact\/#breadcrumb","itemListElement":[{"@type":"ListItem","position":1,"name":"Inicio","item":"https:\/\/colcret.com\/fr\/"},{"@type":"ListItem","position":2,"name":"Contact"}]},{"@type":"WebSite","@id":"https:\/\/colcret.com\/fr\/#website","url":"https:\/\/colcret.com\/fr\/","name":"Colcret","description":"Morteros y adhesivos cementosos","publisher":{"@id":"https:\/\/colcret.com\/fr\/#organization"},"potentialAction":[{"@type":"SearchAction","target":{"@type":"EntryPoint","urlTemplate":"https:\/\/colcret.com\/fr\/?s={search_term_string}"},"query-input":{"@type":"PropertyValueSpecification","valueRequired":true,"valueName":"search_term_string"}}],"inLanguage":"fr-FR"},{"@type":"Organization","@id":"https:\/\/colcret.com\/fr\/#organization","name":"Colcret","url":"https:\/\/colcret.com\/fr\/","logo":{"@type":"ImageObject","inLanguage":"fr-FR","@id":"https:\/\/colcret.com\/fr\/#\/schema\/logo\/image\/","url":"https:\/\/colcret.com\/wp-content\/uploads\/2025\/05\/Logo-Colcret.avif","contentUrl":"https:\/\/colcret.com\/wp-content\/uploads\/2025\/05\/Logo-Colcret.avif","width":161,"height":64,"caption":"Colcret"},"image":{"@id":"https:\/\/colcret.com\/fr\/#\/schema\/logo\/image\/"}}]}},"_links":{"self":[{"href":"https:\/\/colcret.com\/fr\/wp-json\/wp\/v2\/pages\/4602","targetHints":{"allow":["GET"]}}],"collection":[{"href":"https:\/\/colcret.com\/fr\/wp-json\/wp\/v2\/pages"}],"about":[{"href":"https:\/\/colcret.com\/fr\/wp-json\/wp\/v2\/types\/page"}],"author":[{"embeddable":true,"href":"https:\/\/colcret.com\/fr\/wp-json\/wp\/v2\/users\/1"}],"replies":[{"embeddable":true,"href":"https:\/\/colcret.com\/fr\/wp-json\/wp\/v2\/comments?post=4602"}],"version-history":[{"count":12,"href":"https:\/\/colcret.com\/fr\/wp-json\/wp\/v2\/pages\/4602\/revisions"}],"predecessor-version":[{"id":6808,"href":"https:\/\/colcret.com\/fr\/wp-json\/wp\/v2\/pages\/4602\/revisions\/6808"}],"wp:attachment":[{"href":"https:\/\/colcret.com\/fr\/wp-json\/wp\/v2\/media?parent=4602"}],"curies":[{"name":"wp","href":"https:\/\/api.w.org\/{rel}","templated":true}]}}