{"id":4605,"date":"2025-05-26T06:45:42","date_gmt":"2025-05-26T04:45:42","guid":{"rendered":"https:\/\/colcret.com\/avis-juridique\/"},"modified":"2025-09-23T10:10:08","modified_gmt":"2025-09-23T08:10:08","slug":"avis-juridique","status":"publish","type":"page","link":"https:\/\/colcret.com\/fr\/avis-juridique\/","title":{"rendered":"Avis juridique"},"content":{"rendered":"\t\t<div data-elementor-type=\"wp-page\" data-elementor-id=\"4605\" class=\"elementor elementor-4605 elementor-64\" data-elementor-post-type=\"page\">\n\t\t\t\t<div class=\"elementor-element elementor-element-5b39192 e-flex e-con-boxed e-con e-parent\" data-id=\"5b39192\" data-element_type=\"container\" data-e-type=\"container\" data-settings=\"{&quot;background_background&quot;:&quot;classic&quot;}\">\n\t\t\t\t\t<div class=\"e-con-inner\">\n\t\t\t\t<div data-dce-title-color=\"#000000\" class=\"elementor-element elementor-element-b3def2f elementor-widget elementor-widget-heading\" data-id=\"b3def2f\" data-element_type=\"widget\" data-e-type=\"widget\" data-widget_type=\"heading.default\">\n\t\t\t\t\t<h2 class=\"elementor-heading-title elementor-size-default\">Avis juridique<\/h2>\t\t\t\t<\/div>\n\t\t\t\t<div data-dce-text-color=\"#000000\" class=\"elementor-element elementor-element-66f1251 elementor-widget elementor-widget-text-editor\" data-id=\"66f1251\" data-element_type=\"widget\" data-e-type=\"widget\" data-widget_type=\"text-editor.default\">\n\t\t\t\t\t\t\t\t\t<p><b>1. Informations g\u00e9n\u00e9rales :<\/b><br><\/p><p><b>Titulaire :<\/b> PAVICRET, S.L.<\/p><p><b>CIF :<\/b> B-98.650.153<\/p><p><b>Adresse :<\/b> V Centenario, 26 \u2013 46900 Torrent (Valence)<\/p><p><b>Courriel :<\/b> info@colcret.com<\/p><p><b>Site web :<\/b> www.colcret.com<\/p><p><b><strong>2. Objectif du site :<\/strong><\/b><\/p><p>Fournir des informations sur les produits et services de Colcret li\u00e9s \u00e0 la construction.<\/p><p><b><strong>3. Conditions d&rsquo;utilisation :<\/strong><\/b><\/p><p>L&rsquo;acc\u00e8s au site implique l&rsquo;acceptation des pr\u00e9sentes conditions. L&rsquo;utilisateur s&rsquo;engage \u00e0 faire un usage responsable et conforme \u00e0 la loi.<\/p><p><b><strong>4. Propri\u00e9t\u00e9 intellectuelle :<\/strong><\/b><\/p><p>Tous les contenus du site web sont la propri\u00e9t\u00e9 de PAVICRET, S.L. ou sont utilis\u00e9s avec les licences correspondantes. Leur reproduction ou distribution sans autorisation pr\u00e9alable est interdite.<\/p><p><b><strong>5. Responsabilit\u00e9 :<\/strong><\/b><\/p><p>PAVICRET, S.L. n&rsquo;est pas responsable des erreurs de contenu, des interruptions techniques ou des liens externes.<\/p><p><b><strong>6. Liens vers des tiers :<\/strong><\/b><\/p><p>Le site peut contenir des liens vers des sites externes. PAVICRET, S.L. n&rsquo;est pas responsable de leur contenu ni de leurs politiques.<\/p><p><b><strong>7. L\u00e9gislation et juridiction :<\/strong><\/b><\/p><p>Cet avis est r\u00e9gi par la l\u00e9gislation espagnole. Les parties se soumettent aux tribunaux de Valence, sauf disposition l\u00e9gale contraire.<\/p>\t\t\t\t\t\t\t\t<\/div>\n\t\t\t\t\t<\/div>\n\t\t\t\t<\/div>\n\t\t\t\t<\/div>\n\t\t","protected":false},"excerpt":{"rendered":"<p>1. Informations g\u00e9n\u00e9rales : Titulaire : PAVICRET, S.L. CIF : B-98.650.153 Adresse : V Centenario, 26 \u2013 46900 Torrent (Valence) Courriel : info@colcret.com Site web : www.colcret.com 2. Objectif du site : Fournir des informations sur les produits et services de Colcret li\u00e9s \u00e0 la construction. 3. Conditions d&rsquo;utilisation : L&rsquo;acc\u00e8s au site implique l&rsquo;acceptation [&hellip;]<\/p>\n","protected":false},"author":1,"featured_media":0,"parent":0,"menu_order":0,"comment_status":"closed","ping_status":"closed","template":"","meta":{"footnotes":""},"class_list":["post-4605","page","type-page","status-publish","hentry"],"yoast_head":"<!-- This site is optimized with the Yoast SEO plugin v27.4 - https:\/\/yoast.com\/product\/yoast-seo-wordpress\/ -->\n<title>Avis juridique - Colcret<\/title>\n<meta name=\"robots\" content=\"noindex, follow\" \/>\n<meta property=\"og:locale\" content=\"fr_FR\" \/>\n<meta property=\"og:type\" content=\"article\" \/>\n<meta property=\"og:title\" content=\"Avis juridique - Colcret\" \/>\n<meta property=\"og:description\" content=\"1. Informations g\u00e9n\u00e9rales : Titulaire : PAVICRET, S.L. CIF : B-98.650.153 Adresse : V Centenario, 26 \u2013 46900 Torrent (Valence) Courriel : info@colcret.com Site web : www.colcret.com 2. Objectif du site : Fournir des informations sur les produits et services de Colcret li\u00e9s \u00e0 la construction. 3. Conditions d&rsquo;utilisation : L&rsquo;acc\u00e8s au site implique l&rsquo;acceptation [&hellip;]\" \/>\n<meta property=\"og:url\" content=\"https:\/\/colcret.com\/fr\/avis-juridique\/\" \/>\n<meta property=\"og:site_name\" content=\"Colcret\" \/>\n<meta property=\"article:modified_time\" content=\"2025-09-23T08:10:08+00:00\" \/>\n<meta name=\"twitter:card\" content=\"summary_large_image\" \/>\n<meta name=\"twitter:label1\" content=\"Dur\u00e9e de lecture estim\u00e9e\" \/>\n\t<meta name=\"twitter:data1\" content=\"1 minute\" \/>\n<script type=\"application\/ld+json\" class=\"yoast-schema-graph\">{\"@context\":\"https:\\\/\\\/schema.org\",\"@graph\":[{\"@type\":\"WebPage\",\"@id\":\"https:\\\/\\\/colcret.com\\\/fr\\\/avis-juridique\\\/\",\"url\":\"https:\\\/\\\/colcret.com\\\/fr\\\/avis-juridique\\\/\",\"name\":\"Avis juridique - Colcret\",\"isPartOf\":{\"@id\":\"https:\\\/\\\/colcret.com\\\/fr\\\/#website\"},\"datePublished\":\"2025-05-26T04:45:42+00:00\",\"dateModified\":\"2025-09-23T08:10:08+00:00\",\"breadcrumb\":{\"@id\":\"https:\\\/\\\/colcret.com\\\/fr\\\/avis-juridique\\\/#breadcrumb\"},\"inLanguage\":\"fr-FR\",\"potentialAction\":[{\"@type\":\"ReadAction\",\"target\":[\"https:\\\/\\\/colcret.com\\\/fr\\\/avis-juridique\\\/\"]}]},{\"@type\":\"BreadcrumbList\",\"@id\":\"https:\\\/\\\/colcret.com\\\/fr\\\/avis-juridique\\\/#breadcrumb\",\"itemListElement\":[{\"@type\":\"ListItem\",\"position\":1,\"name\":\"Inicio\",\"item\":\"https:\\\/\\\/colcret.com\\\/fr\\\/\"},{\"@type\":\"ListItem\",\"position\":2,\"name\":\"Avis juridique\"}]},{\"@type\":\"WebSite\",\"@id\":\"https:\\\/\\\/colcret.com\\\/fr\\\/#website\",\"url\":\"https:\\\/\\\/colcret.com\\\/fr\\\/\",\"name\":\"Colcret\",\"description\":\"Morteros y adhesivos cementosos\",\"publisher\":{\"@id\":\"https:\\\/\\\/colcret.com\\\/fr\\\/#organization\"},\"potentialAction\":[{\"@type\":\"SearchAction\",\"target\":{\"@type\":\"EntryPoint\",\"urlTemplate\":\"https:\\\/\\\/colcret.com\\\/fr\\\/?s={search_term_string}\"},\"query-input\":{\"@type\":\"PropertyValueSpecification\",\"valueRequired\":true,\"valueName\":\"search_term_string\"}}],\"inLanguage\":\"fr-FR\"},{\"@type\":\"Organization\",\"@id\":\"https:\\\/\\\/colcret.com\\\/fr\\\/#organization\",\"name\":\"Colcret\",\"url\":\"https:\\\/\\\/colcret.com\\\/fr\\\/\",\"logo\":{\"@type\":\"ImageObject\",\"inLanguage\":\"fr-FR\",\"@id\":\"https:\\\/\\\/colcret.com\\\/fr\\\/#\\\/schema\\\/logo\\\/image\\\/\",\"url\":\"https:\\\/\\\/colcret.com\\\/wp-content\\\/uploads\\\/2025\\\/05\\\/Logo-Colcret.avif\",\"contentUrl\":\"https:\\\/\\\/colcret.com\\\/wp-content\\\/uploads\\\/2025\\\/05\\\/Logo-Colcret.avif\",\"width\":161,\"height\":64,\"caption\":\"Colcret\"},\"image\":{\"@id\":\"https:\\\/\\\/colcret.com\\\/fr\\\/#\\\/schema\\\/logo\\\/image\\\/\"}}]}<\/script>\n<!-- \/ Yoast SEO plugin. -->","yoast_head_json":{"title":"Avis juridique - Colcret","robots":{"index":"noindex","follow":"follow"},"og_locale":"fr_FR","og_type":"article","og_title":"Avis juridique - Colcret","og_description":"1. Informations g\u00e9n\u00e9rales : Titulaire : PAVICRET, S.L. CIF : B-98.650.153 Adresse : V Centenario, 26 \u2013 46900 Torrent (Valence) Courriel : info@colcret.com Site web : www.colcret.com 2. Objectif du site : Fournir des informations sur les produits et services de Colcret li\u00e9s \u00e0 la construction. 3. Conditions d&rsquo;utilisation : L&rsquo;acc\u00e8s au site implique l&rsquo;acceptation [&hellip;]","og_url":"https:\/\/colcret.com\/fr\/avis-juridique\/","og_site_name":"Colcret","article_modified_time":"2025-09-23T08:10:08+00:00","twitter_card":"summary_large_image","twitter_misc":{"Dur\u00e9e de lecture estim\u00e9e":"1 minute"},"schema":{"@context":"https:\/\/schema.org","@graph":[{"@type":"WebPage","@id":"https:\/\/colcret.com\/fr\/avis-juridique\/","url":"https:\/\/colcret.com\/fr\/avis-juridique\/","name":"Avis juridique - Colcret","isPartOf":{"@id":"https:\/\/colcret.com\/fr\/#website"},"datePublished":"2025-05-26T04:45:42+00:00","dateModified":"2025-09-23T08:10:08+00:00","breadcrumb":{"@id":"https:\/\/colcret.com\/fr\/avis-juridique\/#breadcrumb"},"inLanguage":"fr-FR","potentialAction":[{"@type":"ReadAction","target":["https:\/\/colcret.com\/fr\/avis-juridique\/"]}]},{"@type":"BreadcrumbList","@id":"https:\/\/colcret.com\/fr\/avis-juridique\/#breadcrumb","itemListElement":[{"@type":"ListItem","position":1,"name":"Inicio","item":"https:\/\/colcret.com\/fr\/"},{"@type":"ListItem","position":2,"name":"Avis juridique"}]},{"@type":"WebSite","@id":"https:\/\/colcret.com\/fr\/#website","url":"https:\/\/colcret.com\/fr\/","name":"Colcret","description":"Morteros y adhesivos cementosos","publisher":{"@id":"https:\/\/colcret.com\/fr\/#organization"},"potentialAction":[{"@type":"SearchAction","target":{"@type":"EntryPoint","urlTemplate":"https:\/\/colcret.com\/fr\/?s={search_term_string}"},"query-input":{"@type":"PropertyValueSpecification","valueRequired":true,"valueName":"search_term_string"}}],"inLanguage":"fr-FR"},{"@type":"Organization","@id":"https:\/\/colcret.com\/fr\/#organization","name":"Colcret","url":"https:\/\/colcret.com\/fr\/","logo":{"@type":"ImageObject","inLanguage":"fr-FR","@id":"https:\/\/colcret.com\/fr\/#\/schema\/logo\/image\/","url":"https:\/\/colcret.com\/wp-content\/uploads\/2025\/05\/Logo-Colcret.avif","contentUrl":"https:\/\/colcret.com\/wp-content\/uploads\/2025\/05\/Logo-Colcret.avif","width":161,"height":64,"caption":"Colcret"},"image":{"@id":"https:\/\/colcret.com\/fr\/#\/schema\/logo\/image\/"}}]}},"_links":{"self":[{"href":"https:\/\/colcret.com\/fr\/wp-json\/wp\/v2\/pages\/4605","targetHints":{"allow":["GET"]}}],"collection":[{"href":"https:\/\/colcret.com\/fr\/wp-json\/wp\/v2\/pages"}],"about":[{"href":"https:\/\/colcret.com\/fr\/wp-json\/wp\/v2\/types\/page"}],"author":[{"embeddable":true,"href":"https:\/\/colcret.com\/fr\/wp-json\/wp\/v2\/users\/1"}],"replies":[{"embeddable":true,"href":"https:\/\/colcret.com\/fr\/wp-json\/wp\/v2\/comments?post=4605"}],"version-history":[{"count":4,"href":"https:\/\/colcret.com\/fr\/wp-json\/wp\/v2\/pages\/4605\/revisions"}],"predecessor-version":[{"id":5031,"href":"https:\/\/colcret.com\/fr\/wp-json\/wp\/v2\/pages\/4605\/revisions\/5031"}],"wp:attachment":[{"href":"https:\/\/colcret.com\/fr\/wp-json\/wp\/v2\/media?parent=4605"}],"curies":[{"name":"wp","href":"https:\/\/api.w.org\/{rel}","templated":true}]}}