{"id":4609,"date":"2025-05-29T10:22:09","date_gmt":"2025-05-29T08:22:09","guid":{"rendered":"https:\/\/colcret.com\/politique-en-matiere-de-cookies\/"},"modified":"2025-09-23T10:23:57","modified_gmt":"2025-09-23T08:23:57","slug":"politique-en-matiere-de-cookies","status":"publish","type":"page","link":"https:\/\/colcret.com\/fr\/politique-en-matiere-de-cookies\/","title":{"rendered":"Politique en mati\u00e8re de cookies"},"content":{"rendered":"\t\t<div data-elementor-type=\"wp-page\" data-elementor-id=\"4609\" class=\"elementor elementor-4609 elementor-834\" data-elementor-post-type=\"page\">\n\t\t\t\t<div class=\"elementor-element elementor-element-41421f8 e-flex e-con-boxed e-con e-parent\" data-id=\"41421f8\" data-element_type=\"container\" data-e-type=\"container\">\n\t\t\t\t\t<div class=\"e-con-inner\">\n\t\t\t\t<div data-dce-text-color=\"#000000\" class=\"elementor-element elementor-element-2e33af1 elementor-widget elementor-widget-text-editor\" data-id=\"2e33af1\" data-element_type=\"widget\" data-e-type=\"widget\" data-widget_type=\"text-editor.default\">\n\t\t\t\t\t\t\t\t\t<p><style>\n    a.cky-banner-element {<br \/>        padding: 8px 30px;<br \/>        background: #F8F9FA;<br \/>        color: #858A8F;<br \/>        border: 1px solid #DEE2E6;<br \/>        box-sizing: border-box;<br \/>        border-radius: 2px;<br \/>        cursor: pointer;<br \/>}<br \/><\/style><\/p><h1>Politique en mati\u00e8re de cookies<\/h1><div class=\"n4sEPd\"><div class=\"FFpbKc\"><div class=\"xMmqsf\"><div class=\"nidPne\"><div data-show-delay-ms=\"250\" data-append-to-body=\"true\" data-propagate-tooltip-mouseover-events=\"true\" data-anchor-corner=\"bottom-left\" data-enable-skip-handler=\"true\" data-popup-corner=\"top-left\"><div class=\"dig2sb\"><div class=\"scLCMd\"><div id=\"itamenu\"><div class=\"goog-container goog-container-vertical\" tabindex=\"-1\"><p>Date d&rsquo;entr\u00e9e en vigueur : 29 mai 2025<\/p><p>Derni\u00e8re mise \u00e0 jour : 29 mai 2025<\/p><p><b><strong>Que sont les cookies ?<\/strong><\/b><\/p><p>La pr\u00e9sente politique en mati\u00e8re de cookies explique ce que sont les cookies et comment nous les utilisons, les types de cookies que nous utilisons, c&rsquo;est-\u00e0-dire les informations que nous recueillons \u00e0 l&rsquo;aide des cookies et comment elles sont utilis\u00e9es, et comment g\u00e9rer les param\u00e8tres des cookies.<\/p><p>Les cookies sont de petits fichiers texte utilis\u00e9s pour stocker de petites informations. Ils sont stock\u00e9s sur votre appareil lorsque le site web est charg\u00e9 dans votre navigateur. Ces cookies nous aident \u00e0 faire fonctionner correctement le site web, \u00e0 le rendre plus s\u00fbr, \u00e0 offrir une meilleure exp\u00e9rience utilisateur, \u00e0 comprendre ses performances et \u00e0 analyser ce qui fonctionne et ce qui doit \u00eatre am\u00e9lior\u00e9.<\/p><p><b><strong>Comment utilisons-nous les cookies ?<\/strong><\/b><\/p><p>Comme la plupart des services en ligne, notre site web utilise ses propres cookies et ceux de tiers \u00e0 diverses fins. Les cookies propres sont principalement n\u00e9cessaires au bon fonctionnement du site web et ne collectent pas de donn\u00e9es personnelles.<\/p><p>Les cookies tiers utilis\u00e9s sur notre site web servent principalement \u00e0 comprendre le fonctionnement du site web, la mani\u00e8re dont vous interagissez avec lui, \u00e0 maintenir la s\u00e9curit\u00e9 de nos services, \u00e0 vous proposer des publicit\u00e9s pertinentes et, de mani\u00e8re g\u00e9n\u00e9rale, \u00e0 vous offrir une meilleure exp\u00e9rience utilisateur et \u00e0 vous aider \u00e0 acc\u00e9l\u00e9rer vos futures interactions avec notre site web.<\/p><p><b><strong>Types de cookies que nous utilisons<\/strong><\/b><\/p><p>Nous utilisons des cookies analytiques et ceux qui sont n\u00e9cessaires au fonctionnement du site web.<\/p><h5>G\u00e9rer les pr\u00e9f\u00e9rences en mati\u00e8re de cookies<\/h5><p>Vous pouvez modifier vos pr\u00e9f\u00e9rences en mati\u00e8re de cookies \u00e0 tout moment en cliquant sur le bouton en forme de cookie en bas \u00e0 gauche. Cela vous permettra de revenir \u00e0 la banni\u00e8re de consentement aux cookies et de modifier vos pr\u00e9f\u00e9rences ou de retirer votre consentement imm\u00e9diatement.<\/p><p>De plus, chaque navigateur propose diff\u00e9rentes m\u00e9thodes pour bloquer et supprimer les cookies utilis\u00e9s par les sites web. Vous pouvez modifier les param\u00e8tres de votre navigateur pour bloquer ou supprimer les cookies. Vous trouverez ci-dessous les liens vers les documents d&rsquo;aide sur la gestion et la suppression des cookies des principaux navigateurs web.<\/p><p><a href=\"https:\/\/support.google.com\/accounts\/answer\/32050\">Chrome : https:\/\/support.google.com\/accounts\/answer\/32050<\/a><\/p><p><a href=\"https:\/\/support.apple.com\/en-in\/guide\/safari\/sfri11471\/mac\">Safari : https:\/\/support.apple.com\/en-in\/guide\/safari\/sfri11471\/mac<\/a><\/p><p><a href=\"https:\/\/support.mozilla.org\/en-US\/kb\/clear-cookies-and-site-data-firefox?redirectslug=delete-cookies-remove-info-websites-stored&amp;redirectlocale=en-US\">Firefox : https:\/\/support.mozilla.org\/en-US\/kb\/clear-cookies-and-site-data-firefox?redirectslug=delete-cookies-remove-info-websites-stored&amp;redirectlocale=en-US<\/a><\/p><p><a href=\"https:\/\/support.microsoft.com\/en-us\/topic\/how-to-delete-cookie-files-in-internet-explorer-bca9446f-d873-78de-77ba-d42645fa52fc\">Internet Explorer : https:\/\/support.microsoft.com\/en-us\/topic\/how-to-delete-cookie-files-in-internet-explorer-bca9446f-d873-78de-77ba-d42645fa52fc<\/a><\/p><p>Si vous utilisez un autre navigateur Web, consultez la documentation d&rsquo;assistance officielle de votre navigateur.<\/p><\/div><\/div><\/div><\/div><\/div><\/div><\/div><\/div><\/div>\t\t\t\t\t\t\t\t<\/div>\n\t\t\t\t\t<\/div>\n\t\t\t\t<\/div>\n\t\t\t\t<\/div>\n\t\t","protected":false},"excerpt":{"rendered":"<p>Politique en mati\u00e8re de cookies Date d&rsquo;entr\u00e9e en vigueur : 29 mai 2025 Derni\u00e8re mise \u00e0 jour : 29 mai 2025 Que sont les cookies ? La pr\u00e9sente politique en mati\u00e8re de cookies explique ce que sont les cookies et comment nous les utilisons, les types de cookies que nous utilisons, c&rsquo;est-\u00e0-dire les informations que [&hellip;]<\/p>\n","protected":false},"author":1,"featured_media":0,"parent":0,"menu_order":0,"comment_status":"closed","ping_status":"closed","template":"","meta":{"footnotes":""},"class_list":["post-4609","page","type-page","status-publish","hentry"],"yoast_head":"<!-- This site is optimized with the Yoast SEO plugin v27.4 - https:\/\/yoast.com\/product\/yoast-seo-wordpress\/ -->\n<title>Politique en mati\u00e8re de cookies - Colcret<\/title>\n<meta name=\"robots\" content=\"noindex, follow\" \/>\n<meta property=\"og:locale\" content=\"fr_FR\" \/>\n<meta property=\"og:type\" content=\"article\" \/>\n<meta property=\"og:title\" content=\"Politique en mati\u00e8re de cookies - Colcret\" \/>\n<meta property=\"og:description\" content=\"Politique en mati\u00e8re de cookies Date d&rsquo;entr\u00e9e en vigueur : 29 mai 2025 Derni\u00e8re mise \u00e0 jour : 29 mai 2025 Que sont les cookies ? La pr\u00e9sente politique en mati\u00e8re de cookies explique ce que sont les cookies et comment nous les utilisons, les types de cookies que nous utilisons, c&rsquo;est-\u00e0-dire les informations que [&hellip;]\" \/>\n<meta property=\"og:url\" content=\"https:\/\/colcret.com\/fr\/politique-en-matiere-de-cookies\/\" \/>\n<meta property=\"og:site_name\" content=\"Colcret\" \/>\n<meta property=\"article:modified_time\" content=\"2025-09-23T08:23:57+00:00\" \/>\n<meta name=\"twitter:card\" content=\"summary_large_image\" \/>\n<meta name=\"twitter:label1\" content=\"Dur\u00e9e de lecture estim\u00e9e\" \/>\n\t<meta name=\"twitter:data1\" content=\"3 minutes\" \/>\n<script type=\"application\/ld+json\" class=\"yoast-schema-graph\">{\"@context\":\"https:\\\/\\\/schema.org\",\"@graph\":[{\"@type\":\"WebPage\",\"@id\":\"https:\\\/\\\/colcret.com\\\/fr\\\/politique-en-matiere-de-cookies\\\/\",\"url\":\"https:\\\/\\\/colcret.com\\\/fr\\\/politique-en-matiere-de-cookies\\\/\",\"name\":\"Politique en mati\u00e8re de cookies - Colcret\",\"isPartOf\":{\"@id\":\"https:\\\/\\\/colcret.com\\\/fr\\\/#website\"},\"datePublished\":\"2025-05-29T08:22:09+00:00\",\"dateModified\":\"2025-09-23T08:23:57+00:00\",\"breadcrumb\":{\"@id\":\"https:\\\/\\\/colcret.com\\\/fr\\\/politique-en-matiere-de-cookies\\\/#breadcrumb\"},\"inLanguage\":\"fr-FR\",\"potentialAction\":[{\"@type\":\"ReadAction\",\"target\":[\"https:\\\/\\\/colcret.com\\\/fr\\\/politique-en-matiere-de-cookies\\\/\"]}]},{\"@type\":\"BreadcrumbList\",\"@id\":\"https:\\\/\\\/colcret.com\\\/fr\\\/politique-en-matiere-de-cookies\\\/#breadcrumb\",\"itemListElement\":[{\"@type\":\"ListItem\",\"position\":1,\"name\":\"Inicio\",\"item\":\"https:\\\/\\\/colcret.com\\\/fr\\\/\"},{\"@type\":\"ListItem\",\"position\":2,\"name\":\"Politique en mati\u00e8re de cookies\"}]},{\"@type\":\"WebSite\",\"@id\":\"https:\\\/\\\/colcret.com\\\/fr\\\/#website\",\"url\":\"https:\\\/\\\/colcret.com\\\/fr\\\/\",\"name\":\"Colcret\",\"description\":\"Morteros y adhesivos cementosos\",\"publisher\":{\"@id\":\"https:\\\/\\\/colcret.com\\\/fr\\\/#organization\"},\"potentialAction\":[{\"@type\":\"SearchAction\",\"target\":{\"@type\":\"EntryPoint\",\"urlTemplate\":\"https:\\\/\\\/colcret.com\\\/fr\\\/?s={search_term_string}\"},\"query-input\":{\"@type\":\"PropertyValueSpecification\",\"valueRequired\":true,\"valueName\":\"search_term_string\"}}],\"inLanguage\":\"fr-FR\"},{\"@type\":\"Organization\",\"@id\":\"https:\\\/\\\/colcret.com\\\/fr\\\/#organization\",\"name\":\"Colcret\",\"url\":\"https:\\\/\\\/colcret.com\\\/fr\\\/\",\"logo\":{\"@type\":\"ImageObject\",\"inLanguage\":\"fr-FR\",\"@id\":\"https:\\\/\\\/colcret.com\\\/fr\\\/#\\\/schema\\\/logo\\\/image\\\/\",\"url\":\"https:\\\/\\\/colcret.com\\\/wp-content\\\/uploads\\\/2025\\\/05\\\/Logo-Colcret.avif\",\"contentUrl\":\"https:\\\/\\\/colcret.com\\\/wp-content\\\/uploads\\\/2025\\\/05\\\/Logo-Colcret.avif\",\"width\":161,\"height\":64,\"caption\":\"Colcret\"},\"image\":{\"@id\":\"https:\\\/\\\/colcret.com\\\/fr\\\/#\\\/schema\\\/logo\\\/image\\\/\"}}]}<\/script>\n<!-- \/ Yoast SEO plugin. -->","yoast_head_json":{"title":"Politique en mati\u00e8re de cookies - Colcret","robots":{"index":"noindex","follow":"follow"},"og_locale":"fr_FR","og_type":"article","og_title":"Politique en mati\u00e8re de cookies - Colcret","og_description":"Politique en mati\u00e8re de cookies Date d&rsquo;entr\u00e9e en vigueur : 29 mai 2025 Derni\u00e8re mise \u00e0 jour : 29 mai 2025 Que sont les cookies ? La pr\u00e9sente politique en mati\u00e8re de cookies explique ce que sont les cookies et comment nous les utilisons, les types de cookies que nous utilisons, c&rsquo;est-\u00e0-dire les informations que [&hellip;]","og_url":"https:\/\/colcret.com\/fr\/politique-en-matiere-de-cookies\/","og_site_name":"Colcret","article_modified_time":"2025-09-23T08:23:57+00:00","twitter_card":"summary_large_image","twitter_misc":{"Dur\u00e9e de lecture estim\u00e9e":"3 minutes"},"schema":{"@context":"https:\/\/schema.org","@graph":[{"@type":"WebPage","@id":"https:\/\/colcret.com\/fr\/politique-en-matiere-de-cookies\/","url":"https:\/\/colcret.com\/fr\/politique-en-matiere-de-cookies\/","name":"Politique en mati\u00e8re de cookies - Colcret","isPartOf":{"@id":"https:\/\/colcret.com\/fr\/#website"},"datePublished":"2025-05-29T08:22:09+00:00","dateModified":"2025-09-23T08:23:57+00:00","breadcrumb":{"@id":"https:\/\/colcret.com\/fr\/politique-en-matiere-de-cookies\/#breadcrumb"},"inLanguage":"fr-FR","potentialAction":[{"@type":"ReadAction","target":["https:\/\/colcret.com\/fr\/politique-en-matiere-de-cookies\/"]}]},{"@type":"BreadcrumbList","@id":"https:\/\/colcret.com\/fr\/politique-en-matiere-de-cookies\/#breadcrumb","itemListElement":[{"@type":"ListItem","position":1,"name":"Inicio","item":"https:\/\/colcret.com\/fr\/"},{"@type":"ListItem","position":2,"name":"Politique en mati\u00e8re de cookies"}]},{"@type":"WebSite","@id":"https:\/\/colcret.com\/fr\/#website","url":"https:\/\/colcret.com\/fr\/","name":"Colcret","description":"Morteros y adhesivos cementosos","publisher":{"@id":"https:\/\/colcret.com\/fr\/#organization"},"potentialAction":[{"@type":"SearchAction","target":{"@type":"EntryPoint","urlTemplate":"https:\/\/colcret.com\/fr\/?s={search_term_string}"},"query-input":{"@type":"PropertyValueSpecification","valueRequired":true,"valueName":"search_term_string"}}],"inLanguage":"fr-FR"},{"@type":"Organization","@id":"https:\/\/colcret.com\/fr\/#organization","name":"Colcret","url":"https:\/\/colcret.com\/fr\/","logo":{"@type":"ImageObject","inLanguage":"fr-FR","@id":"https:\/\/colcret.com\/fr\/#\/schema\/logo\/image\/","url":"https:\/\/colcret.com\/wp-content\/uploads\/2025\/05\/Logo-Colcret.avif","contentUrl":"https:\/\/colcret.com\/wp-content\/uploads\/2025\/05\/Logo-Colcret.avif","width":161,"height":64,"caption":"Colcret"},"image":{"@id":"https:\/\/colcret.com\/fr\/#\/schema\/logo\/image\/"}}]}},"_links":{"self":[{"href":"https:\/\/colcret.com\/fr\/wp-json\/wp\/v2\/pages\/4609","targetHints":{"allow":["GET"]}}],"collection":[{"href":"https:\/\/colcret.com\/fr\/wp-json\/wp\/v2\/pages"}],"about":[{"href":"https:\/\/colcret.com\/fr\/wp-json\/wp\/v2\/types\/page"}],"author":[{"embeddable":true,"href":"https:\/\/colcret.com\/fr\/wp-json\/wp\/v2\/users\/1"}],"replies":[{"embeddable":true,"href":"https:\/\/colcret.com\/fr\/wp-json\/wp\/v2\/comments?post=4609"}],"version-history":[{"count":4,"href":"https:\/\/colcret.com\/fr\/wp-json\/wp\/v2\/pages\/4609\/revisions"}],"predecessor-version":[{"id":5025,"href":"https:\/\/colcret.com\/fr\/wp-json\/wp\/v2\/pages\/4609\/revisions\/5025"}],"wp:attachment":[{"href":"https:\/\/colcret.com\/fr\/wp-json\/wp\/v2\/media?parent=4609"}],"curies":[{"name":"wp","href":"https:\/\/api.w.org\/{rel}","templated":true}]}}