{"id":4611,"date":"2025-08-25T17:19:38","date_gmt":"2025-08-25T15:19:38","guid":{"rendered":"https:\/\/colcret.com\/travaillez-avec-nous\/"},"modified":"2025-09-23T13:25:20","modified_gmt":"2025-09-23T11:25:20","slug":"travaillez-avec-nous","status":"publish","type":"page","link":"https:\/\/colcret.com\/fr\/travaillez-avec-nous\/","title":{"rendered":"Travaillez avec nous"},"content":{"rendered":"\t\t<div data-elementor-type=\"wp-page\" data-elementor-id=\"4611\" class=\"elementor elementor-4611 elementor-3310\" data-elementor-post-type=\"page\">\n\t\t\t\t<div data-dce-background-overlay-image-url=\"https:\/\/colcret.com\/wp-content\/uploads\/2025\/08\/tnosotros-scaled.avif\" class=\"elementor-element elementor-element-c9939fb e-con-full e-flex e-con e-parent\" data-id=\"c9939fb\" data-element_type=\"container\" data-e-type=\"container\">\n\t\t\t\t<div data-dce-title-color=\"#FFFFFF\" class=\"elementor-element elementor-element-0c0d069 elementor-widget elementor-widget-heading\" data-id=\"0c0d069\" data-element_type=\"widget\" data-e-type=\"widget\" data-widget_type=\"heading.default\">\n\t\t\t\t\t<h1 class=\"elementor-heading-title elementor-size-default\">Travaillez avec nous<\/h1>\t\t\t\t<\/div>\n\t\t\t\t<\/div>\n\t\t<div class=\"elementor-element elementor-element-92c8b70 e-flex e-con-boxed e-con e-parent\" data-id=\"92c8b70\" data-element_type=\"container\" data-e-type=\"container\">\n\t\t\t\t\t<div class=\"e-con-inner\">\n\t\t\t\t<div data-dce-title-color=\"#313131\" class=\"elementor-element elementor-element-a759c53 elementor-widget elementor-widget-heading\" data-id=\"a759c53\" data-element_type=\"widget\" data-e-type=\"widget\" data-widget_type=\"heading.default\">\n\t\t\t\t\t<h2 class=\"elementor-heading-title elementor-size-default\">Envoyez-nous votre CV<\/h2>\t\t\t\t<\/div>\n\t\t\t\t<div class=\"elementor-element elementor-element-02b33b6 elementor-button-align-start elementor-mobile-button-align-center elementor-widget elementor-widget-form\" data-id=\"02b33b6\" data-element_type=\"widget\" data-e-type=\"widget\" data-settings=\"{&quot;step_next_label&quot;:&quot;Suivant&quot;,&quot;step_previous_label&quot;:&quot;Pr\\u00e9c\\u00e9dent&quot;,&quot;button_width&quot;:&quot;100&quot;,&quot;step_type&quot;:&quot;number_text&quot;,&quot;step_icon_shape&quot;:&quot;circle&quot;}\" data-widget_type=\"form.default\">\n\t\t\t\t\t\t\t<form class=\"elementor-form\" method=\"post\" id=\"form_trabajo\" name=\"Formulaire d&#039;emploi\" aria-label=\"Formulaire d&#039;emploi\">\n\t\t\t<input type=\"hidden\" name=\"post_id\" value=\"4611\"\/>\n\t\t\t<input type=\"hidden\" name=\"form_id\" value=\"02b33b6\"\/>\n\t\t\t<input type=\"hidden\" name=\"referer_title\" value=\"Travailler chez Colcret : Rejoignez notre \u00e9quipe\" \/>\n\n\t\t\t\t\t\t\t<input type=\"hidden\" name=\"queried_id\" value=\"4611\"\/>\n\t\t\t\n\t\t\t<div class=\"elementor-form-fields-wrapper elementor-labels-above\">\n\t\t\t\t\t\t\t\t<div class=\"elementor-field-type-text elementor-field-group elementor-column elementor-field-group-name elementor-col-50 elementor-field-required elementor-mark-required\">\n\t\t\t\t\t\t\t\t\t\t\t\t<label for=\"form-field-name\" class=\"elementor-field-label\">\n\t\t\t\t\t\t\t\tNom\t\t\t\t\t\t\t<\/label>\n\t\t\t\t\t\t\t\t\t\t\t\t\t\t<input size=\"1\" type=\"text\" name=\"form_fields[name]\" id=\"form-field-name\" class=\"elementor-field elementor-size-sm  elementor-field-textual\" placeholder=\"Votre nom\" required=\"required\">\n\t\t\t\t\t\t\t\t\t\t\t<\/div>\n\t\t\t\t\t\t\t\t<div class=\"elementor-field-type-text elementor-field-group elementor-column elementor-field-group-field_65f8a05 elementor-col-50 elementor-field-required elementor-mark-required\">\n\t\t\t\t\t\t\t\t\t\t\t\t<label for=\"form-field-field_65f8a05\" class=\"elementor-field-label\">\n\t\t\t\t\t\t\t\tNom de famille\t\t\t\t\t\t\t<\/label>\n\t\t\t\t\t\t\t\t\t\t\t\t\t\t<input size=\"1\" type=\"text\" name=\"form_fields[field_65f8a05]\" id=\"form-field-field_65f8a05\" class=\"elementor-field elementor-size-sm  elementor-field-textual\" placeholder=\"Votre nom de famille\" required=\"required\">\n\t\t\t\t\t\t\t\t\t\t\t<\/div>\n\t\t\t\t\t\t\t\t<div class=\"elementor-field-type-tel elementor-field-group elementor-column elementor-field-group-email elementor-col-50\">\n\t\t\t\t\t\t\t\t\t\t\t\t<label for=\"form-field-email\" class=\"elementor-field-label\">\n\t\t\t\t\t\t\t\tT\u00e9l\u00e9phone\t\t\t\t\t\t\t<\/label>\n\t\t\t\t\t\t\t\t<input size=\"1\" type=\"tel\" name=\"form_fields[email]\" id=\"form-field-email\" class=\"elementor-field elementor-size-sm  elementor-field-textual\" placeholder=\"Votre num\u00e9ro de t\u00e9l\u00e9phone\" pattern=\"[0-9()#&amp;+*-=.]+\" title=\"Only numbers and phone characters (#, -, *, etc) are accepted.\">\n\n\t\t\t\t\t\t<\/div>\n\t\t\t\t\t\t\t\t<div class=\"elementor-field-type-email elementor-field-group elementor-column elementor-field-group-field_bf9b38e elementor-col-50 elementor-field-required elementor-mark-required\">\n\t\t\t\t\t\t\t\t\t\t\t\t<label for=\"form-field-field_bf9b38e\" class=\"elementor-field-label\">\n\t\t\t\t\t\t\t\tCourriel\t\t\t\t\t\t\t<\/label>\n\t\t\t\t\t\t\t\t\t\t\t\t\t\t<input size=\"1\" type=\"email\" name=\"form_fields[field_bf9b38e]\" id=\"form-field-field_bf9b38e\" class=\"elementor-field elementor-size-sm  elementor-field-textual\" placeholder=\"Votre courriel\" required=\"required\">\n\t\t\t\t\t\t\t\t\t\t\t<\/div>\n\t\t\t\t\t\t\t\t<div class=\"elementor-field-type-text elementor-field-group elementor-column elementor-field-group-field_09bac1a elementor-col-33 elementor-field-required elementor-mark-required\">\n\t\t\t\t\t\t\t\t\t\t\t\t<label for=\"form-field-field_09bac1a\" class=\"elementor-field-label\">\n\t\t\t\t\t\t\t\tCargo\t\t\t\t\t\t\t<\/label>\n\t\t\t\t\t\t\t\t\t\t\t\t\t\t<input size=\"1\" type=\"text\" name=\"form_fields[field_09bac1a]\" id=\"form-field-field_09bac1a\" class=\"elementor-field elementor-size-sm  elementor-field-textual\" placeholder=\"Que faites-vous ?\" required=\"required\">\n\t\t\t\t\t\t\t\t\t\t\t<\/div>\n\t\t\t\t\t\t\t\t<div class=\"elementor-field-type-text elementor-field-group elementor-column elementor-field-group-field_84ac206 elementor-col-33\">\n\t\t\t\t\t\t\t\t\t\t\t\t<label for=\"form-field-field_84ac206\" class=\"elementor-field-label\">\n\t\t\t\t\t\t\t\tProvince\t\t\t\t\t\t\t<\/label>\n\t\t\t\t\t\t\t\t\t\t\t\t\t\t<input size=\"1\" type=\"text\" name=\"form_fields[field_84ac206]\" id=\"form-field-field_84ac206\" class=\"elementor-field elementor-size-sm  elementor-field-textual\" placeholder=\"Dans quelle province habitez-vous ?\">\n\t\t\t\t\t\t\t\t\t\t\t<\/div>\n\t\t\t\t\t\t\t\t<div class=\"elementor-field-type-upload elementor-field-group elementor-column elementor-field-group-field_3c30cf6 elementor-col-33 elementor-field-required elementor-mark-required\">\n\t\t\t\t\t\t\t\t\t\t\t\t<label for=\"form-field-field_3c30cf6\" class=\"elementor-field-label\">\n\t\t\t\t\t\t\t\tJoignez votre CV au format PDF ou Word.\t\t\t\t\t\t\t<\/label>\n\t\t\t\t\t\t\t\t<input type=\"file\" name=\"form_fields[field_3c30cf6]\" id=\"form-field-field_3c30cf6\" class=\"elementor-field elementor-size-sm  elementor-upload-field\" required=\"required\" data-maxsize=\"5\" data-maxsize-message=\"This file exceeds the maximum allowed size.\">\n\n\t\t\t\t\t\t<\/div>\n\t\t\t\t\t\t\t\t<div class=\"elementor-field-type-textarea elementor-field-group elementor-column elementor-field-group-message elementor-col-100\">\n\t\t\t\t\t\t\t\t\t\t\t\t<label for=\"form-field-message\" class=\"elementor-field-label\">\n\t\t\t\t\t\t\t\tCommentaire\t\t\t\t\t\t\t<\/label>\n\t\t\t\t\t\t<textarea class=\"elementor-field-textual elementor-field  elementor-size-sm\" name=\"form_fields[message]\" id=\"form-field-message\" rows=\"4\" placeholder=\"Saisissez un commentaire\"><\/textarea>\t\t\t\t<\/div>\n\t\t\t\t\t\t\t\t<div class=\"elementor-field-type-recaptcha_v3 elementor-field-group elementor-column elementor-field-group-field_355d511 elementor-col-100 recaptcha_v3-bottomright\">\n\t\t\t\t\t<div class=\"elementor-field\" id=\"form-field-field_355d511\"><div class=\"elementor-g-recaptcha\" data-sitekey=\"6LcUMVMrAAAAADYaba2qwWN1fXvm8OdHF3kWgJZ1\" data-type=\"v3\" data-action=\"Form\" data-badge=\"bottomright\" data-size=\"invisible\"><\/div><\/div>\t\t\t\t<\/div>\n\t\t\t\t\t\t\t\t<div class=\"elementor-field-type-acceptance elementor-field-group elementor-column elementor-field-group-field_18d54a2 elementor-col-100 elementor-field-required elementor-mark-required\">\n\t\t\t\t\t\t\t<div class=\"elementor-field-subgroup\">\n\t\t\t<span class=\"elementor-field-option\">\n\t\t\t\t<input type=\"checkbox\" name=\"form_fields[field_18d54a2]\" id=\"form-field-field_18d54a2\" class=\"elementor-field elementor-size-sm  elementor-acceptance-field\" required=\"required\">\n\t\t\t\t<label for=\"form-field-field_18d54a2\">J'accepte d'\u00eatre contact\u00e9(e) en r\u00e9ponse \u00e0 ma demande. Politique de confidentialit\u00e9. Vous pouvez faire valoir vos droits \u00e0 l'adresse info@colcret.com.  <\/label>\t\t\t<\/span>\n\t\t<\/div>\n\t\t\t\t\t\t<\/div>\n\t\t\t\t\t\t\t\t<div class=\"elementor-field-type-html elementor-field-group elementor-column elementor-field-group-field_4a26b5f elementor-col-100\">\n\t\t\t\t\t* Dans le cas o\u00f9 l'utilisateur envoie son curriculum vitae ou participe \u00e0 des processus de s\u00e9lection, Pavicret, S.L. traitera ses donn\u00e9es personnelles afin de g\u00e9rer sa candidature et d'\u00e9valuer son profil par rapport \u00e0 d'\u00e9ventuels postes vacants au sein de l'entreprise.\nLes donn\u00e9es seront conserv\u00e9es pendant une p\u00e9riode maximale d'un an \u00e0 compter de la r\u00e9ception ou de la derni\u00e8re mise \u00e0 jour du programme d'\u00e9tudes, apr\u00e8s quoi elles seront supprim\u00e9es en toute s\u00e9curit\u00e9, \u00e0 moins que la partie int\u00e9ress\u00e9e n'autorise express\u00e9ment leur conservation pendant une p\u00e9riode plus longue.\nLes donn\u00e9es ne seront pas communiqu\u00e9es \u00e0 des tiers, sauf en cas d'obligation l\u00e9gale ou \u00e0 des fournisseurs qui agissent en tant que responsables du traitement des donn\u00e9es pour la gestion correcte du processus de s\u00e9lection, avec lesquels Pavicret, S.L. a sign\u00e9 les contrats de confidentialit\u00e9 et de protection des donn\u00e9es correspondants, conform\u00e9ment \u00e0 l'article 28 du RGPD.\nL'int\u00e9ress\u00e9 peut \u00e0 tout moment exercer ses droits d'acc\u00e8s, de rectification, de suppression, d'opposition, de limitation et de portabilit\u00e9 en \u00e9crivant \u00e0 Pavicret, S.L., V Centenario, 26, 46900 Torrent (Valencia), ou en envoyant un courrier \u00e9lectronique \u00e0 info@colcret.com, accompagn\u00e9 dans tous les cas d'une copie d'un document accr\u00e9ditant son identit\u00e9.\t\t\t\t<\/div>\n\t\t\t\t\t\t\t\t<div class=\"elementor-field-group elementor-column elementor-field-type-submit elementor-col-100 e-form__buttons\">\n\t\t\t\t\t<button class=\"elementor-button elementor-size-sm elementor-animation-shrink\" type=\"submit\">\n\t\t\t\t\t\t<span class=\"elementor-button-content-wrapper\">\n\t\t\t\t\t\t\t\t\t\t\t\t\t\t\t\t\t\t\t\t\t\t<span class=\"elementor-button-text\">Envoyer<\/span>\n\t\t\t\t\t\t\t\t\t\t\t\t\t<\/span>\n\t\t\t\t\t<\/button>\n\t\t\t\t<\/div>\n\t\t\t<\/div>\n\t\t<\/form>\n\t\t\t\t\t\t<\/div>\n\t\t\t\t\t<\/div>\n\t\t\t\t<\/div>\n\t\t\t\t<\/div>\n\t\t","protected":false},"excerpt":{"rendered":"<p>Envoyez-nous votre CV<\/p>\n","protected":false},"author":1,"featured_media":0,"parent":0,"menu_order":0,"comment_status":"closed","ping_status":"closed","template":"","meta":{"footnotes":""},"class_list":["post-4611","page","type-page","status-publish","hentry"],"yoast_head":"<!-- This site is optimized with the Yoast SEO plugin v27.4 - https:\/\/yoast.com\/product\/yoast-seo-wordpress\/ -->\n<title>Travailler chez Colcret : Rejoignez notre \u00e9quipe<\/title>\n<meta name=\"description\" content=\"Faites partie d&#039;une \u00e9quipe leader dans le domaine des adh\u00e9sifs, des mortiers et des solutions de construction innovantes. Postulez et \u00e9voluez avec nous.\" \/>\n<meta name=\"robots\" content=\"index, follow, max-snippet:-1, max-image-preview:large, max-video-preview:-1\" \/>\n<link rel=\"canonical\" href=\"https:\/\/colcret.com\/fr\/travaillez-avec-nous\/\" \/>\n<meta property=\"og:locale\" content=\"fr_FR\" \/>\n<meta property=\"og:type\" content=\"article\" \/>\n<meta property=\"og:title\" content=\"Travailler chez Colcret : Rejoignez notre \u00e9quipe\" \/>\n<meta property=\"og:description\" content=\"Faites partie d&#039;une \u00e9quipe leader dans le domaine des adh\u00e9sifs, des mortiers et des solutions de construction innovantes. Postulez et \u00e9voluez avec nous.\" \/>\n<meta property=\"og:url\" content=\"https:\/\/colcret.com\/fr\/travaillez-avec-nous\/\" \/>\n<meta property=\"og:site_name\" content=\"Colcret\" \/>\n<meta property=\"article:modified_time\" content=\"2025-09-23T11:25:20+00:00\" \/>\n<meta name=\"twitter:card\" content=\"summary_large_image\" \/>\n<meta name=\"twitter:label1\" content=\"Dur\u00e9e de lecture estim\u00e9e\" \/>\n\t<meta name=\"twitter:data1\" content=\"2 minutes\" \/>\n<script type=\"application\/ld+json\" class=\"yoast-schema-graph\">{\"@context\":\"https:\\\/\\\/schema.org\",\"@graph\":[{\"@type\":\"WebPage\",\"@id\":\"https:\\\/\\\/colcret.com\\\/fr\\\/travaillez-avec-nous\\\/\",\"url\":\"https:\\\/\\\/colcret.com\\\/fr\\\/travaillez-avec-nous\\\/\",\"name\":\"Travailler chez Colcret : Rejoignez notre \u00e9quipe\",\"isPartOf\":{\"@id\":\"https:\\\/\\\/colcret.com\\\/fr\\\/#website\"},\"datePublished\":\"2025-08-25T15:19:38+00:00\",\"dateModified\":\"2025-09-23T11:25:20+00:00\",\"description\":\"Faites partie d'une \u00e9quipe leader dans le domaine des adh\u00e9sifs, des mortiers et des solutions de construction innovantes. Postulez et \u00e9voluez avec nous.\",\"breadcrumb\":{\"@id\":\"https:\\\/\\\/colcret.com\\\/fr\\\/travaillez-avec-nous\\\/#breadcrumb\"},\"inLanguage\":\"fr-FR\",\"potentialAction\":[{\"@type\":\"ReadAction\",\"target\":[\"https:\\\/\\\/colcret.com\\\/fr\\\/travaillez-avec-nous\\\/\"]}]},{\"@type\":\"BreadcrumbList\",\"@id\":\"https:\\\/\\\/colcret.com\\\/fr\\\/travaillez-avec-nous\\\/#breadcrumb\",\"itemListElement\":[{\"@type\":\"ListItem\",\"position\":1,\"name\":\"Inicio\",\"item\":\"https:\\\/\\\/colcret.com\\\/fr\\\/\"},{\"@type\":\"ListItem\",\"position\":2,\"name\":\"Travaillez avec nous\"}]},{\"@type\":\"WebSite\",\"@id\":\"https:\\\/\\\/colcret.com\\\/fr\\\/#website\",\"url\":\"https:\\\/\\\/colcret.com\\\/fr\\\/\",\"name\":\"Colcret\",\"description\":\"Morteros y adhesivos cementosos\",\"publisher\":{\"@id\":\"https:\\\/\\\/colcret.com\\\/fr\\\/#organization\"},\"potentialAction\":[{\"@type\":\"SearchAction\",\"target\":{\"@type\":\"EntryPoint\",\"urlTemplate\":\"https:\\\/\\\/colcret.com\\\/fr\\\/?s={search_term_string}\"},\"query-input\":{\"@type\":\"PropertyValueSpecification\",\"valueRequired\":true,\"valueName\":\"search_term_string\"}}],\"inLanguage\":\"fr-FR\"},{\"@type\":\"Organization\",\"@id\":\"https:\\\/\\\/colcret.com\\\/fr\\\/#organization\",\"name\":\"Colcret\",\"url\":\"https:\\\/\\\/colcret.com\\\/fr\\\/\",\"logo\":{\"@type\":\"ImageObject\",\"inLanguage\":\"fr-FR\",\"@id\":\"https:\\\/\\\/colcret.com\\\/fr\\\/#\\\/schema\\\/logo\\\/image\\\/\",\"url\":\"https:\\\/\\\/colcret.com\\\/wp-content\\\/uploads\\\/2025\\\/05\\\/Logo-Colcret.avif\",\"contentUrl\":\"https:\\\/\\\/colcret.com\\\/wp-content\\\/uploads\\\/2025\\\/05\\\/Logo-Colcret.avif\",\"width\":161,\"height\":64,\"caption\":\"Colcret\"},\"image\":{\"@id\":\"https:\\\/\\\/colcret.com\\\/fr\\\/#\\\/schema\\\/logo\\\/image\\\/\"}}]}<\/script>\n<!-- \/ Yoast SEO plugin. -->","yoast_head_json":{"title":"Travailler chez Colcret : Rejoignez notre \u00e9quipe","description":"Faites partie d'une \u00e9quipe leader dans le domaine des adh\u00e9sifs, des mortiers et des solutions de construction innovantes. Postulez et \u00e9voluez avec nous.","robots":{"index":"index","follow":"follow","max-snippet":"max-snippet:-1","max-image-preview":"max-image-preview:large","max-video-preview":"max-video-preview:-1"},"canonical":"https:\/\/colcret.com\/fr\/travaillez-avec-nous\/","og_locale":"fr_FR","og_type":"article","og_title":"Travailler chez Colcret : Rejoignez notre \u00e9quipe","og_description":"Faites partie d'une \u00e9quipe leader dans le domaine des adh\u00e9sifs, des mortiers et des solutions de construction innovantes. Postulez et \u00e9voluez avec nous.","og_url":"https:\/\/colcret.com\/fr\/travaillez-avec-nous\/","og_site_name":"Colcret","article_modified_time":"2025-09-23T11:25:20+00:00","twitter_card":"summary_large_image","twitter_misc":{"Dur\u00e9e de lecture estim\u00e9e":"2 minutes"},"schema":{"@context":"https:\/\/schema.org","@graph":[{"@type":"WebPage","@id":"https:\/\/colcret.com\/fr\/travaillez-avec-nous\/","url":"https:\/\/colcret.com\/fr\/travaillez-avec-nous\/","name":"Travailler chez Colcret : Rejoignez notre \u00e9quipe","isPartOf":{"@id":"https:\/\/colcret.com\/fr\/#website"},"datePublished":"2025-08-25T15:19:38+00:00","dateModified":"2025-09-23T11:25:20+00:00","description":"Faites partie d'une \u00e9quipe leader dans le domaine des adh\u00e9sifs, des mortiers et des solutions de construction innovantes. Postulez et \u00e9voluez avec nous.","breadcrumb":{"@id":"https:\/\/colcret.com\/fr\/travaillez-avec-nous\/#breadcrumb"},"inLanguage":"fr-FR","potentialAction":[{"@type":"ReadAction","target":["https:\/\/colcret.com\/fr\/travaillez-avec-nous\/"]}]},{"@type":"BreadcrumbList","@id":"https:\/\/colcret.com\/fr\/travaillez-avec-nous\/#breadcrumb","itemListElement":[{"@type":"ListItem","position":1,"name":"Inicio","item":"https:\/\/colcret.com\/fr\/"},{"@type":"ListItem","position":2,"name":"Travaillez avec nous"}]},{"@type":"WebSite","@id":"https:\/\/colcret.com\/fr\/#website","url":"https:\/\/colcret.com\/fr\/","name":"Colcret","description":"Morteros y adhesivos cementosos","publisher":{"@id":"https:\/\/colcret.com\/fr\/#organization"},"potentialAction":[{"@type":"SearchAction","target":{"@type":"EntryPoint","urlTemplate":"https:\/\/colcret.com\/fr\/?s={search_term_string}"},"query-input":{"@type":"PropertyValueSpecification","valueRequired":true,"valueName":"search_term_string"}}],"inLanguage":"fr-FR"},{"@type":"Organization","@id":"https:\/\/colcret.com\/fr\/#organization","name":"Colcret","url":"https:\/\/colcret.com\/fr\/","logo":{"@type":"ImageObject","inLanguage":"fr-FR","@id":"https:\/\/colcret.com\/fr\/#\/schema\/logo\/image\/","url":"https:\/\/colcret.com\/wp-content\/uploads\/2025\/05\/Logo-Colcret.avif","contentUrl":"https:\/\/colcret.com\/wp-content\/uploads\/2025\/05\/Logo-Colcret.avif","width":161,"height":64,"caption":"Colcret"},"image":{"@id":"https:\/\/colcret.com\/fr\/#\/schema\/logo\/image\/"}}]}},"_links":{"self":[{"href":"https:\/\/colcret.com\/fr\/wp-json\/wp\/v2\/pages\/4611","targetHints":{"allow":["GET"]}}],"collection":[{"href":"https:\/\/colcret.com\/fr\/wp-json\/wp\/v2\/pages"}],"about":[{"href":"https:\/\/colcret.com\/fr\/wp-json\/wp\/v2\/types\/page"}],"author":[{"embeddable":true,"href":"https:\/\/colcret.com\/fr\/wp-json\/wp\/v2\/users\/1"}],"replies":[{"embeddable":true,"href":"https:\/\/colcret.com\/fr\/wp-json\/wp\/v2\/comments?post=4611"}],"version-history":[{"count":7,"href":"https:\/\/colcret.com\/fr\/wp-json\/wp\/v2\/pages\/4611\/revisions"}],"predecessor-version":[{"id":6797,"href":"https:\/\/colcret.com\/fr\/wp-json\/wp\/v2\/pages\/4611\/revisions\/6797"}],"wp:attachment":[{"href":"https:\/\/colcret.com\/fr\/wp-json\/wp\/v2\/media?parent=4611"}],"curies":[{"name":"wp","href":"https:\/\/api.w.org\/{rel}","templated":true}]}}